{"id":2194,"date":"2025-02-04T17:09:45","date_gmt":"2025-02-04T16:09:45","guid":{"rendered":"https:\/\/www.belingard.com\/cart\/"},"modified":"2025-04-15T16:02:56","modified_gmt":"2025-04-15T14:02:56","slug":"cart","status":"publish","type":"page","link":"https:\/\/www.belingard.com\/en\/cart\/","title":{"rendered":"Cart"},"content":{"rendered":"\n<style type=\"text\/css\" data-created_by=\"avia_inline_auto\" id=\"style-css-av-9mb7n-fd7cc45ea53b34ec6bb2b9823a9a4088\">\n.avia-section.av-9mb7n-fd7cc45ea53b34ec6bb2b9823a9a4088{\nmargin-top:0px;\nmargin-bottom:0px;\n}\n<\/style>\n<div id='av_section_1'  class='avia-section av-9mb7n-fd7cc45ea53b34ec6bb2b9823a9a4088 main_color avia-section-small avia-no-border-styling  avia-builder-el-0  avia-builder-el-no-sibling  avia-bg-style-scroll container_wrap sidebar_right'  ><div class='container av-section-cont-open' ><main  role=\"main\" itemprop=\"mainContentOfPage\"  class='template-page content  av-content-small alpha units'><div class='post-entry post-entry-type-page post-entry-2194'><div class='entry-content-wrapper clearfix'>\n<div class='flex_column_table av-tks6j-5d7bf0fa3905a117eb48d6b8374997e0 sc-av_three_fourth av-equal-height-column-flextable'><div  class='flex_column av-tks6j-5d7bf0fa3905a117eb48d6b8374997e0 av_three_fourth  avia-builder-el-1  el_before_av_one_fourth  avia-builder-el-first  first flex_column_table_cell av-equal-height-column av-align-bottom  '     ><section  class='av_textblock_section av-9grd7-1823644ed5e77a91cca38c021d3e3575 '   itemscope=\"itemscope\" itemtype=\"https:\/\/schema.org\/CreativeWork\" ><div class='avia_textblock'  itemprop=\"text\" ><\/div><\/section><\/div><div class='av-flex-placeholder'><\/div><div  class='flex_column av-kqvqj-67a0bc3bc6b8fcad558af19e122c6727 av_one_fourth  avia-builder-el-3  el_after_av_three_fourth  el_before_av_hr  flex_column_table_cell av-equal-height-column av-align-bottom  '     ><div  class='avia-button-wrap av-ht99n-cdfcae80fae6e74ac0bfe9f6eb0c6dd9-wrap avia-button-right  avia-builder-el-4  avia-builder-el-no-sibling '>\n<style type=\"text\/css\" data-created_by=\"avia_inline_auto\" id=\"style-css-av-ht99n-cdfcae80fae6e74ac0bfe9f6eb0c6dd9\">\n#top #wrap_all .avia-button.av-ht99n-cdfcae80fae6e74ac0bfe9f6eb0c6dd9{\nfont-size:16px;\ntransition:all 0.4s ease-in-out;\n}\n#top #wrap_all .avia-button.av-ht99n-cdfcae80fae6e74ac0bfe9f6eb0c6dd9:hover{\nbackground-color:#1c234f;\ncolor:white;\ntransition:all 0.4s ease-in-out;\n}\n<\/style>\n<a href='https:\/\/www.belingard.com\/en\/shop\/'  class='avia-button av-ht99n-cdfcae80fae6e74ac0bfe9f6eb0c6dd9 av-link-btn avia-icon_select-no avia-size-medium avia-position-right avia-color-theme-color avia-font-color-theme-color'   aria-label=\"Continue shopping \u00bb\"><span class='avia_iconbox_title' >Continue shopping \u00bb<\/span><\/a><\/div><\/div><\/div><!--close column table wrapper. Autoclose: 1 -->\n<style type=\"text\/css\" data-created_by=\"avia_inline_auto\" id=\"style-css-av-a0l3n-aa905699c714f2e0a7ed5b8ae7d80544\">\n#top .hr.av-a0l3n-aa905699c714f2e0a7ed5b8ae7d80544{\nmargin-top:0;\nmargin-bottom:20px;\n}\n.hr.av-a0l3n-aa905699c714f2e0a7ed5b8ae7d80544 .hr-inner{\nwidth:100%;\nborder-color:#ff0000;\n}\n<\/style>\n<div  class='hr av-a0l3n-aa905699c714f2e0a7ed5b8ae7d80544 hr-custom  avia-builder-el-5  el_after_av_one_fourth  el_before_av_one_full  hr-center hr-icon-no'><span class='hr-inner inner-border-av-border-fat'><span class=\"hr-inner-style\"><\/span><\/span><\/div>\n<div  class='flex_column av-9l2gj-f97844eb6f6f8e299627931f764378f6 av_one_full  avia-builder-el-6  el_after_av_hr  avia-builder-el-last  first flex_column_div  '     ><\/div><\/div><\/div><\/main><!-- close content main element --><\/div><\/div><div id='after_section_1'  class='main_color av_default_container_wrap container_wrap sidebar_right'  ><div class='container av-section-cont-open' ><div class='template-page content  av-content-small alpha units'><div class='post-entry post-entry-type-page post-entry-2194'><div class='entry-content-wrapper clearfix'>\n","protected":false},"excerpt":{"rendered":"","protected":false},"author":1,"featured_media":0,"parent":0,"menu_order":0,"comment_status":"closed","ping_status":"closed","template":"","meta":{"footnotes":""},"class_list":["post-2194","page","type-page","status-publish","hentry"],"yoast_head":"<!-- This site is optimized with the Yoast SEO plugin v27.5 - https:\/\/yoast.com\/product\/yoast-seo-wordpress\/ -->\n<title>Cart - Ch\u00e2teau B\u00e9lingard Vin de Monbazillac et de Bergerac<\/title>\n<meta name=\"robots\" content=\"index, follow, max-snippet:-1, max-image-preview:large, max-video-preview:-1\" \/>\n<link rel=\"canonical\" href=\"https:\/\/www.belingard.com\/en\/cart\/\" \/>\n<meta property=\"og:locale\" content=\"en_US\" \/>\n<meta property=\"og:type\" content=\"article\" \/>\n<meta property=\"og:title\" content=\"Cart - Ch\u00e2teau B\u00e9lingard Vin de Monbazillac et de Bergerac\" \/>\n<meta property=\"og:url\" content=\"https:\/\/www.belingard.com\/en\/cart\/\" \/>\n<meta property=\"og:site_name\" content=\"Ch\u00e2teau B\u00e9lingard Vin de Monbazillac et de Bergerac\" \/>\n<meta property=\"article:publisher\" content=\"https:\/\/facebook.com\/chateau.belingard\" \/>\n<meta property=\"article:modified_time\" content=\"2025-04-15T14:02:56+00:00\" \/>\n<meta property=\"og:image\" content=\"https:\/\/www.belingard.com\/wp-content\/uploads\/2024\/11\/fronton-belingard-bichro.jpg\" \/>\n\t<meta property=\"og:image:width\" content=\"1800\" \/>\n\t<meta property=\"og:image:height\" content=\"1800\" \/>\n\t<meta property=\"og:image:type\" content=\"image\/jpeg\" \/>\n<meta name=\"twitter:card\" content=\"summary_large_image\" \/>\n<meta name=\"twitter:label1\" content=\"Est. reading time\" \/>\n\t<meta name=\"twitter:data1\" content=\"1 minute\" \/>\n<script type=\"application\/ld+json\" class=\"yoast-schema-graph\">{\"@context\":\"https:\\\/\\\/schema.org\",\"@graph\":[{\"@type\":\"WebPage\",\"@id\":\"https:\\\/\\\/www.belingard.com\\\/en\\\/cart\\\/\",\"url\":\"https:\\\/\\\/www.belingard.com\\\/en\\\/cart\\\/\",\"name\":\"Cart - Ch\u00e2teau B\u00e9lingard Vin de Monbazillac et de Bergerac\",\"isPartOf\":{\"@id\":\"https:\\\/\\\/www.belingard.com\\\/#website\"},\"datePublished\":\"2025-02-04T16:09:45+00:00\",\"dateModified\":\"2025-04-15T14:02:56+00:00\",\"breadcrumb\":{\"@id\":\"https:\\\/\\\/www.belingard.com\\\/en\\\/cart\\\/#breadcrumb\"},\"inLanguage\":\"en-US\",\"potentialAction\":[{\"@type\":\"ReadAction\",\"target\":[\"https:\\\/\\\/www.belingard.com\\\/en\\\/cart\\\/\"]}]},{\"@type\":\"BreadcrumbList\",\"@id\":\"https:\\\/\\\/www.belingard.com\\\/en\\\/cart\\\/#breadcrumb\",\"itemListElement\":[{\"@type\":\"ListItem\",\"position\":1,\"name\":\"Accueil\",\"item\":\"https:\\\/\\\/www.belingard.com\\\/en\\\/accueil\\\/\"},{\"@type\":\"ListItem\",\"position\":2,\"name\":\"Cart\"}]},{\"@type\":\"WebSite\",\"@id\":\"https:\\\/\\\/www.belingard.com\\\/#website\",\"url\":\"https:\\\/\\\/www.belingard.com\\\/\",\"name\":\"Ch\u00e2teau B\u00e9lingard Vin de Monbazillac et de Bergerac\",\"description\":\"Vignoble et vin de Bergerac et de Monbazillac\",\"publisher\":{\"@id\":\"https:\\\/\\\/www.belingard.com\\\/#organization\"},\"alternateName\":\"Ch\u00e2teai B\u00e9lingard\",\"potentialAction\":[{\"@type\":\"SearchAction\",\"target\":{\"@type\":\"EntryPoint\",\"urlTemplate\":\"https:\\\/\\\/www.belingard.com\\\/?s={search_term_string}\"},\"query-input\":{\"@type\":\"PropertyValueSpecification\",\"valueRequired\":true,\"valueName\":\"search_term_string\"}}],\"inLanguage\":\"en-US\"},{\"@type\":\"Organization\",\"@id\":\"https:\\\/\\\/www.belingard.com\\\/#organization\",\"name\":\"Ch\u00e2teau B\u00e9lingard\",\"alternateName\":\"Ch\u00e2teau B\u00e9lingard\",\"url\":\"https:\\\/\\\/www.belingard.com\\\/\",\"logo\":{\"@type\":\"ImageObject\",\"inLanguage\":\"en-US\",\"@id\":\"https:\\\/\\\/www.belingard.com\\\/#\\\/schema\\\/logo\\\/image\\\/\",\"url\":\"https:\\\/\\\/www.belingard.com\\\/wp-content\\\/uploads\\\/2025\\\/02\\\/logo-belingard-emails.png\",\"contentUrl\":\"https:\\\/\\\/www.belingard.com\\\/wp-content\\\/uploads\\\/2025\\\/02\\\/logo-belingard-emails.png\",\"width\":600,\"height\":165,\"caption\":\"Ch\u00e2teau B\u00e9lingard\"},\"image\":{\"@id\":\"https:\\\/\\\/www.belingard.com\\\/#\\\/schema\\\/logo\\\/image\\\/\"},\"sameAs\":[\"https:\\\/\\\/facebook.com\\\/chateau.belingard\",\"https:\\\/\\\/instagram.com\\\/chateaubelingard\\\/\"]}]}<\/script>\n<!-- \/ Yoast SEO plugin. -->","yoast_head_json":{"title":"Cart - Ch\u00e2teau B\u00e9lingard Vin de Monbazillac et de Bergerac","robots":{"index":"index","follow":"follow","max-snippet":"max-snippet:-1","max-image-preview":"max-image-preview:large","max-video-preview":"max-video-preview:-1"},"canonical":"https:\/\/www.belingard.com\/en\/cart\/","og_locale":"en_US","og_type":"article","og_title":"Cart - Ch\u00e2teau B\u00e9lingard Vin de Monbazillac et de Bergerac","og_url":"https:\/\/www.belingard.com\/en\/cart\/","og_site_name":"Ch\u00e2teau B\u00e9lingard Vin de Monbazillac et de Bergerac","article_publisher":"https:\/\/facebook.com\/chateau.belingard","article_modified_time":"2025-04-15T14:02:56+00:00","og_image":[{"width":1800,"height":1800,"url":"https:\/\/www.belingard.com\/wp-content\/uploads\/2024\/11\/fronton-belingard-bichro.jpg","type":"image\/jpeg"}],"twitter_card":"summary_large_image","twitter_misc":{"Est. reading time":"1 minute"},"schema":{"@context":"https:\/\/schema.org","@graph":[{"@type":"WebPage","@id":"https:\/\/www.belingard.com\/en\/cart\/","url":"https:\/\/www.belingard.com\/en\/cart\/","name":"Cart - Ch\u00e2teau B\u00e9lingard Vin de Monbazillac et de Bergerac","isPartOf":{"@id":"https:\/\/www.belingard.com\/#website"},"datePublished":"2025-02-04T16:09:45+00:00","dateModified":"2025-04-15T14:02:56+00:00","breadcrumb":{"@id":"https:\/\/www.belingard.com\/en\/cart\/#breadcrumb"},"inLanguage":"en-US","potentialAction":[{"@type":"ReadAction","target":["https:\/\/www.belingard.com\/en\/cart\/"]}]},{"@type":"BreadcrumbList","@id":"https:\/\/www.belingard.com\/en\/cart\/#breadcrumb","itemListElement":[{"@type":"ListItem","position":1,"name":"Accueil","item":"https:\/\/www.belingard.com\/en\/accueil\/"},{"@type":"ListItem","position":2,"name":"Cart"}]},{"@type":"WebSite","@id":"https:\/\/www.belingard.com\/#website","url":"https:\/\/www.belingard.com\/","name":"Ch\u00e2teau B\u00e9lingard Vin de Monbazillac et de Bergerac","description":"Vignoble et vin de Bergerac et de Monbazillac","publisher":{"@id":"https:\/\/www.belingard.com\/#organization"},"alternateName":"Ch\u00e2teai B\u00e9lingard","potentialAction":[{"@type":"SearchAction","target":{"@type":"EntryPoint","urlTemplate":"https:\/\/www.belingard.com\/?s={search_term_string}"},"query-input":{"@type":"PropertyValueSpecification","valueRequired":true,"valueName":"search_term_string"}}],"inLanguage":"en-US"},{"@type":"Organization","@id":"https:\/\/www.belingard.com\/#organization","name":"Ch\u00e2teau B\u00e9lingard","alternateName":"Ch\u00e2teau B\u00e9lingard","url":"https:\/\/www.belingard.com\/","logo":{"@type":"ImageObject","inLanguage":"en-US","@id":"https:\/\/www.belingard.com\/#\/schema\/logo\/image\/","url":"https:\/\/www.belingard.com\/wp-content\/uploads\/2025\/02\/logo-belingard-emails.png","contentUrl":"https:\/\/www.belingard.com\/wp-content\/uploads\/2025\/02\/logo-belingard-emails.png","width":600,"height":165,"caption":"Ch\u00e2teau B\u00e9lingard"},"image":{"@id":"https:\/\/www.belingard.com\/#\/schema\/logo\/image\/"},"sameAs":["https:\/\/facebook.com\/chateau.belingard","https:\/\/instagram.com\/chateaubelingard\/"]}]}},"_links":{"self":[{"href":"https:\/\/www.belingard.com\/en\/wp-json\/wp\/v2\/pages\/2194","targetHints":{"allow":["GET"]}}],"collection":[{"href":"https:\/\/www.belingard.com\/en\/wp-json\/wp\/v2\/pages"}],"about":[{"href":"https:\/\/www.belingard.com\/en\/wp-json\/wp\/v2\/types\/page"}],"author":[{"embeddable":true,"href":"https:\/\/www.belingard.com\/en\/wp-json\/wp\/v2\/users\/1"}],"replies":[{"embeddable":true,"href":"https:\/\/www.belingard.com\/en\/wp-json\/wp\/v2\/comments?post=2194"}],"version-history":[{"count":0,"href":"https:\/\/www.belingard.com\/en\/wp-json\/wp\/v2\/pages\/2194\/revisions"}],"wp:attachment":[{"href":"https:\/\/www.belingard.com\/en\/wp-json\/wp\/v2\/media?parent=2194"}],"curies":[{"name":"wp","href":"https:\/\/api.w.org\/{rel}","templated":true}]}}